{"id":233,"date":"2023-02-23T14:20:43","date_gmt":"2023-02-23T14:20:43","guid":{"rendered":"https:\/\/sparmituns.de\/?page_id=233"},"modified":"2024-01-01T17:41:18","modified_gmt":"2024-01-01T17:41:18","slug":"impressum","status":"publish","type":"page","link":"https:\/\/sparmituns.de\/?page_id=233","title":{"rendered":"Impressum"},"content":{"rendered":"<div>\n<h1>Impressum<\/h1>\n<p><b>Anschrift<\/b><\/p>\n<p><span>SPAR MIT UNS UG (haftungsbeschr\u00e4nkt)<\/span><b><br \/><\/b><span>Traitteurstr. 20<\/span><b><br \/><\/b><span>68165 Mannheim<\/span><\/p>\n<\/p>\n<p><b><\/b><b><\/b><b>Vertreten durch :\u00a0<\/b><\/p>\n<p><span>Lucas Garrido<\/span><b><\/p>\n<p><\/b><\/p>\n<p><b>Kontaktm\u00f6glichkeiten:<\/b><\/p>\n<p><b>Telefon: <\/b><span>+49 (0) 176 92329084<\/span><b><br \/><\/b><b>E-Mail: <\/b><span>komm@spar<\/span><span>mituns.de<\/span><\/p>\n<p><span>Gesch\u00e4ftssitz: 68165 Mannheim<\/span><span><br \/><\/span><span>Registergericht: Amtsgericht Mannheim<\/span><\/p>\n<p>Registernummer: HRB 748863<\/p>\n<p><span><\/span><span><\/span><span>Inhaltlich Verantwortlicher gem\u00e4\u00df \u00a7 5 TMG\/ \u00a7 55 RStV\u00a0<\/span><span><br \/><\/span><span>Gesellschafter, Anschrift wie oben<\/span><b><br \/><\/b><b><br \/><\/b><b>Inhaltlich Verantwortlicher\u00a0<\/b><\/p>\n<p><span>F\u00fcr den Inhalt sind die jeweiligen Gesellschafter verantwortlich (Anschrift siehe oben)<\/span><\/p>\n<p><b>Registereintrag<\/b><\/p>\n<p><span>Eintragung im Partnerschaftsregister. <\/span><span><br \/><\/span><span>Registergericht: Deutscher Industrie- und Handelskammertag (DIHK) e.V<\/span><span><\/span><span><\/span><\/p>\n<p><strong>Rechtliche Hinweise<\/strong><\/p>\n<p><strong>Die Sparmituns UG pr\u00fcft und aktualisiert die Informationen auf ihren Webseiten st\u00e4ndig. Trotz aller Sorgfalt k\u00f6nnen sich die Daten inzwischen ver\u00e4ndert haben. Eine Haftung oder Garantie f\u00fcr die Aktualit\u00e4t, Richtigkeit und Vollst\u00e4ndigkeit der zur Verf\u00fcgung gestellten Informationen kann daher nicht \u00fcbernommen werden. Gleiches gilt auch f\u00fcr alle anderen Webseiten, auf die mittels Hyperlink verwiesen wird. Die Sparmituns UG ist f\u00fcr den Inhalt der Webseiten, die aufgrund einer solchen Verbindung erreicht werden, nicht verantwortlich. Inhalt und Struktur der Webseiten der Sparmituns UG\u00a0 sind urheberrechtlich gesch\u00fctzt. Die Vervielf\u00e4ltigung von Informationen oder Daten, insbesondere die Verwendung von Texten, Textteilen oder Bildmaterial, bedarf der vorherigen Zustimmung der Sparmituns UG.\u00a0<\/strong><\/p>\n<p><b>Haftungsbeschr\u00e4nkungen<\/b><span><br \/><\/span><span>Die Inhalte dieser Website werden mit gr\u00f6\u00dftm\u00f6glicher Sorgfalt erstellt. Der Anbieter \u00fcbernimmt jedoch keine Gew\u00e4hr f\u00fcr die Richtigkeit, Vollst\u00e4ndigkeit und Aktualit\u00e4t der bereitgestellten Inhalte. Die Nutzung der Inhalte der Website erfolgt auf eigene Gefahr des Nutzers. Namentlich gekennzeichnete Beitr\u00e4ge geben die Meinung des jeweiligen Autors und nicht immer die Meinung des Anbieters wieder. Mit der reinen Nutzung der Website des Anbieters kommt keinerlei Vertragsverh\u00e4ltnis zwischen dem Nutzer und dem Anbieter zustande. Aus Rechts- und Sicherheitsgr\u00fcnden sind E-Mails des Anbieters nicht rechtsverbindlich. Eine rechtsverbindliche Best\u00e4tigung erhalten Sie auf Wunsch in schriftlicher Form oder per Telefax. Vertr\u00e4ge, Absprachen und Ausk\u00fcnfte sind f\u00fcr den Anbieter nur gem. \u00a7\u00a7 126, 126a, 126b BGB (Form: schriftlich, qualifizierte elektronische Signatur oder unterschriebenes Telefax) rechtsverbindlich. E-Mails des Anbieters enthalten vertrauliche und rechtlich gesch\u00fctzte Informationen, die nur f\u00fcr den Adressaten bestimmt sind. Sollten Sie nicht der richtige Adressat sein und eine E-Mail des Anbieters irrt\u00fcmlich erhalten haben, informieren Sie bitte sofort den Anbieter und vernichten Sie diese E-Mail. Kopieren, Weitergabe oder Ver\u00f6ffentlichung der Inhalte von E-Mails des Anbieters ohne dessen Genehmigung ist unzul\u00e4ssig und stellt eine Urheberrechtsverletzung dar.<\/span><\/p>\n<p><b>Externe Links<\/b><span><br \/><\/span><span>Diese Website enth\u00e4lt Verkn\u00fcpfungen zu Websites Dritter (externe Links). Diese Websites unterliegen der Haftung der jeweiligen Betreiber. Bei der erstmaligen Verkn\u00fcpfung der externen Links waren f\u00fcr den Anbieter keine Rechtsverst\u00f6\u00dfe durch die fremden Inhalte ersichtlich. Der Anbieter hat keinerlei Einfluss auf die aktuelle und zuk\u00fcnftige Gestaltung und auf die Inhalte der verkn\u00fcpften Seiten. Das Setzen von externen Links bedeutet nicht, dass sich der Anbieter die hinter dem Verweis oder Link liegenden Inhalte zu eigen macht. Eine st\u00e4ndige Kontrolle der externen Links ist f\u00fcr den Anbieter ohne konkrete Hinweise auf Rechtsverst\u00f6\u00dfe nicht zumutbar. Bei Kenntnis von Rechtsverst\u00f6\u00dfen werden jedoch derartige externe Links unverz\u00fcglich gel\u00f6scht.<\/span><span><br \/><\/span><span><br \/><\/span><b>Urheber- und Leistungsschutzrecht <\/b><span><br \/><\/span><span>Die auf dieser Website ver\u00f6ffentlichten Inhalte unterliegen dem deutschen Urheber- und Leistungsschutzrecht. Jede vom deutschen Urheber- und Leistungsschutzrecht nicht zugelassene Verwertung bedarf der vorherigen schriftlichen Zustimmung des Anbieters oder jeweiligen Rechteinhabers. Dies gilt insbesondere f\u00fcr Vervielf\u00e4ltigung, Bearbeitung, \u00dcbersetzung, Einspeicherung, Verarbeitung bzw. Wiedergabe von Inhalten in Datenbanken oder anderen.<\/span><span><br \/><\/span><span>\u00a0\u00a9 Copyright: Sparmituns UG , 2024<\/span><\/p>\n<p><span>Plattform der EU-Kommission zur Online-Streitbeilegung:\u00a0<\/span><a target=\"_blank\" href=\"https:\/\/ec.europa.eu\/odr\" rel=\"noopener\">https:\/\/ec.europa.eu\/odr<\/a><\/p>\n<p><span>Wir sind zur Teilnahme an einem Streitbeilegungsverfahren vor einer Verbraucherschlichtungsstelle nicht verpflichtet, hierzu jedoch bereit.<\/span><\/p>\n<\/div>\n<p><!--more--><br \/>\n<!-- {\"type\":\"layout\",\"children\":[{\"type\":\"section\",\"props\":{\"image_position\":\"center-center\",\"style\":\"default\",\"title_breakpoint\":\"xl\",\"title_position\":\"top-left\",\"title_rotation\":\"left\",\"vertical_align\":\"middle\",\"width\":\"default\"},\"children\":[{\"type\":\"row\",\"children\":[{\"type\":\"column\",\"props\":{\"image_position\":\"center-center\",\"media_overlay_gradient\":\"\",\"position_sticky_breakpoint\":\"m\"},\"children\":[{\"type\":\"text\",\"props\":{\"column_breakpoint\":\"m\",\"content\":\"\n\n<h1>Impressum<\\\/h1>\\n\n\n<p><b>Anschrift<\\\/b><\\\/p>\\n\n\n<p><span>SPAR MIT UNS UG (haftungsbeschr\\u00e4nkt)<\\\/span><b><br \\\/><\\\/b><span>Traitteurstr. 20<\\\/span><b><br \\\/><\\\/b><span>68165 Mannheim<\\\/span><\\\/p>\\n\n\n<p><\\\/p>\\n\n\n<p><b><\\\/b><b><\\\/b><b>Vertreten durch :\\u00a0<\\\/b><\\\/p>\\n\n\n<p><span>Lucas Garrido<\\\/span><b><br \\\/><br \\\/><\\\/b><\\\/p>\\n\n\n<p><b>Kontaktm\\u00f6glichkeiten:<\\\/b><\\\/p>\\n\n\n<p><b>Telefon: <\\\/b><span>+49 (0) 176 92329084<\\\/span><b><br \\\/><\\\/b><b>E-Mail: <\\\/b><span>komm@spar<\\\/span><span>mituns.de<\\\/span><\\\/p>\\n\n\n<p><span>Gesch\\u00e4ftssitz: 68165 Mannheim<\\\/span><span><br \\\/><\\\/span><span>Registergericht: Amtsgericht Mannheim<\\\/span><\\\/p>\\n\n\n<p>Registernummer: HRB 748863<\\\/p>\\n\n\n<p><span><\\\/span><span><\\\/span><span>Inhaltlich Verantwortlicher gem\\u00e4\\u00df \\u00a7 5 TMG\\\/ \\u00a7 55 RStV\\u00a0<\\\/span><span><br \\\/><\\\/span><span>Gesellschafter, Anschrift wie oben<\\\/span><b><br \\\/><\\\/b><b><br \\\/><\\\/b><b>Inhaltlich Verantwortlicher\\u00a0<\\\/b><\\\/p>\\n\n\n<p><span>F\\u00fcr den Inhalt sind die jeweiligen Gesellschafter verantwortlich (Anschrift siehe oben)<\\\/span><\\\/p>\\n\n\n<p><b>Registereintrag<\\\/b><\\\/p>\\n\n\n<p><span>Eintragung im Partnerschaftsregister. <\\\/span><span><br \\\/><\\\/span><span>Registergericht: Deutscher Industrie- und Handelskammertag (DIHK) e.V<\\\/span><span><\\\/span><span><\\\/span><\\\/p>\\n\n\n<p><strong>Rechtliche Hinweise<\\\/strong><\\\/p>\\n\n\n<p><strong>Die Sparmituns UG pr\\u00fcft und aktualisiert die Informationen auf ihren Webseiten st\\u00e4ndig. Trotz aller Sorgfalt k\\u00f6nnen sich die Daten inzwischen ver\\u00e4ndert haben. Eine Haftung oder Garantie f\\u00fcr die Aktualit\\u00e4t, Richtigkeit und Vollst\\u00e4ndigkeit der zur Verf\\u00fcgung gestellten Informationen kann daher nicht \\u00fcbernommen werden. Gleiches gilt auch f\\u00fcr alle anderen Webseiten, auf die mittels Hyperlink verwiesen wird. Die Sparmituns UG ist f\\u00fcr den Inhalt der Webseiten, die aufgrund einer solchen Verbindung erreicht werden, nicht verantwortlich. Inhalt und Struktur der Webseiten der Sparmituns UG\\u00a0 sind urheberrechtlich gesch\\u00fctzt. Die Vervielf\\u00e4ltigung von Informationen oder Daten, insbesondere die Verwendung von Texten, Textteilen oder Bildmaterial, bedarf der vorherigen Zustimmung der Sparmituns UG.\\u00a0<\\\/strong><\\\/p>\\n\n\n<p><b>Haftungsbeschr\\u00e4nkungen<\\\/b><span><br \\\/><\\\/span><span>Die Inhalte dieser Website werden mit gr\\u00f6\\u00dftm\\u00f6glicher Sorgfalt erstellt. Der Anbieter \\u00fcbernimmt jedoch keine Gew\\u00e4hr f\\u00fcr die Richtigkeit, Vollst\\u00e4ndigkeit und Aktualit\\u00e4t der bereitgestellten Inhalte. Die Nutzung der Inhalte der Website erfolgt auf eigene Gefahr des Nutzers. Namentlich gekennzeichnete Beitr\\u00e4ge geben die Meinung des jeweiligen Autors und nicht immer die Meinung des Anbieters wieder. Mit der reinen Nutzung der Website des Anbieters kommt keinerlei Vertragsverh\\u00e4ltnis zwischen dem Nutzer und dem Anbieter zustande. Aus Rechts- und Sicherheitsgr\\u00fcnden sind E-Mails des Anbieters nicht rechtsverbindlich. Eine rechtsverbindliche Best\\u00e4tigung erhalten Sie auf Wunsch in schriftlicher Form oder per Telefax. Vertr\\u00e4ge, Absprachen und Ausk\\u00fcnfte sind f\\u00fcr den Anbieter nur gem. \\u00a7\\u00a7 126, 126a, 126b BGB (Form: schriftlich, qualifizierte elektronische Signatur oder unterschriebenes Telefax) rechtsverbindlich. E-Mails des Anbieters enthalten vertrauliche und rechtlich gesch\\u00fctzte Informationen, die nur f\\u00fcr den Adressaten bestimmt sind. Sollten Sie nicht der richtige Adressat sein und eine E-Mail des Anbieters irrt\\u00fcmlich erhalten haben, informieren Sie bitte sofort den Anbieter und vernichten Sie diese E-Mail. Kopieren, Weitergabe oder Ver\\u00f6ffentlichung der Inhalte von E-Mails des Anbieters ohne dessen Genehmigung ist unzul\\u00e4ssig und stellt eine Urheberrechtsverletzung dar.<\\\/span><\\\/p>\\n\n\n<p><b>Externe Links<\\\/b><span><br \\\/><\\\/span><span>Diese Website enth\\u00e4lt Verkn\\u00fcpfungen zu Websites Dritter (externe Links). Diese Websites unterliegen der Haftung der jeweiligen Betreiber. Bei der erstmaligen Verkn\\u00fcpfung der externen Links waren f\\u00fcr den Anbieter keine Rechtsverst\\u00f6\\u00dfe durch die fremden Inhalte ersichtlich. Der Anbieter hat keinerlei Einfluss auf die aktuelle und zuk\\u00fcnftige Gestaltung und auf die Inhalte der verkn\\u00fcpften Seiten. Das Setzen von externen Links bedeutet nicht, dass sich der Anbieter die hinter dem Verweis oder Link liegenden Inhalte zu eigen macht. Eine st\\u00e4ndige Kontrolle der externen Links ist f\\u00fcr den Anbieter ohne konkrete Hinweise auf Rechtsverst\\u00f6\\u00dfe nicht zumutbar. Bei Kenntnis von Rechtsverst\\u00f6\\u00dfen werden jedoch derartige externe Links unverz\\u00fcglich gel\\u00f6scht.<\\\/span><span><br \\\/><\\\/span><span><br \\\/><\\\/span><b>Urheber- und Leistungsschutzrecht <\\\/b><span><br \\\/><\\\/span><span>Die auf dieser Website ver\\u00f6ffentlichten Inhalte unterliegen dem deutschen Urheber- und Leistungsschutzrecht. Jede vom deutschen Urheber- und Leistungsschutzrecht nicht zugelassene Verwertung bedarf der vorherigen schriftlichen Zustimmung des Anbieters oder jeweiligen Rechteinhabers. Dies gilt insbesondere f\\u00fcr Vervielf\\u00e4ltigung, Bearbeitung, \\u00dcbersetzung, Einspeicherung, Verarbeitung bzw. Wiedergabe von Inhalten in Datenbanken oder anderen.<\\\/span><span><br \\\/><\\\/span><span>\\u00a0\\u00a9 Copyright: Sparmituns UG , 2024<\\\/span><br \\\/><br \\\/><span>Plattform der EU-Kommission zur Online-Streitbeilegung:\\u00a0<\\\/span><a target=\\\"_blank\\\" href=\\\"https:\\\/\\\/ec.europa.eu\\\/odr\\\" rel=\\\"noopener\\\">https:\\\/\\\/ec.europa.eu\\\/odr<\\\/a><br \\\/><br \\\/><span>Wir sind zur Teilnahme an einem Streitbeilegungsverfahren vor einer Verbraucherschlichtungsstelle nicht verpflichtet, hierzu jedoch bereit.<\\\/span><\\\/p>\",\"margin\":\"default\"}}]}]}]}],\"version\":\"3.0.31\"} --><\/p>\n","protected":false},"excerpt":{"rendered":"<p>Impressum Anschrift SPAR MIT UNS UG (haftungsbeschr\u00e4nkt)Traitteurstr. 2068165 Mannheim Vertreten durch :\u00a0 Lucas Garrido Kontaktm\u00f6glichkeiten: Telefon: +49 (0) 176 92329084E-Mail: komm@sparmituns.de Gesch\u00e4ftssitz: 68165 MannheimRegistergericht: Amtsgericht Mannheim Registernummer: HRB 748863 Inhaltlich Verantwortlicher gem\u00e4\u00df \u00a7 5 TMG\/ \u00a7 55 RStV\u00a0Gesellschafter, Anschrift wie obenInhaltlich Verantwortlicher\u00a0 F\u00fcr den Inhalt sind die jeweiligen Gesellschafter verantwortlich (Anschrift siehe oben) Registereintrag Eintragung [&hellip;]<\/p>\n","protected":false},"author":1,"featured_media":0,"parent":0,"menu_order":0,"comment_status":"closed","ping_status":"closed","template":"","meta":{"footnotes":""},"class_list":["post-233","page","type-page","status-publish","hentry"],"_links":{"self":[{"href":"https:\/\/sparmituns.de\/index.php?rest_route=\/wp\/v2\/pages\/233","targetHints":{"allow":["GET"]}}],"collection":[{"href":"https:\/\/sparmituns.de\/index.php?rest_route=\/wp\/v2\/pages"}],"about":[{"href":"https:\/\/sparmituns.de\/index.php?rest_route=\/wp\/v2\/types\/page"}],"author":[{"embeddable":true,"href":"https:\/\/sparmituns.de\/index.php?rest_route=\/wp\/v2\/users\/1"}],"replies":[{"embeddable":true,"href":"https:\/\/sparmituns.de\/index.php?rest_route=%2Fwp%2Fv2%2Fcomments&post=233"}],"version-history":[{"count":6,"href":"https:\/\/sparmituns.de\/index.php?rest_route=\/wp\/v2\/pages\/233\/revisions"}],"predecessor-version":[{"id":396,"href":"https:\/\/sparmituns.de\/index.php?rest_route=\/wp\/v2\/pages\/233\/revisions\/396"}],"wp:attachment":[{"href":"https:\/\/sparmituns.de\/index.php?rest_route=%2Fwp%2Fv2%2Fmedia&parent=233"}],"curies":[{"name":"wp","href":"https:\/\/api.w.org\/{rel}","templated":true}]}}